{"id":48,"date":"2025-02-25T10:48:08","date_gmt":"2025-02-25T09:48:08","guid":{"rendered":"https:\/\/inebrija.ma\/lp\/?page_id=48"},"modified":"2025-08-26T13:07:50","modified_gmt":"2025-08-26T11:07:50","slug":"home","status":"publish","type":"page","link":"https:\/\/inebrija.ma\/lp\/","title":{"rendered":"Home"},"content":{"rendered":"\t\t<div data-elementor-type=\"wp-page\" data-elementor-id=\"48\" class=\"elementor elementor-48\" data-elementor-post-type=\"page\">\n\t\t\t\t\t\t<section class=\"elementor-section elementor-top-section elementor-element elementor-element-41b85813 elementor-section-boxed elementor-section-height-default elementor-section-height-default elementor-invisible\" data-id=\"41b85813\" data-element_type=\"section\" data-settings=\"{&quot;background_background&quot;:&quot;classic&quot;,&quot;sticky&quot;:&quot;top&quot;,&quot;sticky_on&quot;:[&quot;desktop&quot;],&quot;sticky_effects_offset&quot;:200,&quot;animation&quot;:&quot;slideInDown&quot;,&quot;animation_delay&quot;:500,&quot;sticky_offset&quot;:0,&quot;sticky_anchor_link_offset&quot;:0}\">\n\t\t\t\t\t\t<div class=\"elementor-container elementor-column-gap-default\">\n\t\t\t\t\t<div class=\"elementor-column elementor-col-100 elementor-top-column elementor-element elementor-element-36f30c89\" data-id=\"36f30c89\" data-element_type=\"column\">\n\t\t\t<div class=\"elementor-widget-wrap elementor-element-populated\">\n\t\t\t\t\t\t<section class=\"elementor-section elementor-inner-section elementor-element elementor-element-2166c410 elementor-section-boxed elementor-section-height-default elementor-section-height-default\" data-id=\"2166c410\" data-element_type=\"section\">\n\t\t\t\t\t\t<div class=\"elementor-container elementor-column-gap-default\">\n\t\t\t\t\t<div class=\"elementor-column elementor-col-33 elementor-inner-column elementor-element elementor-element-4c4f8db0\" data-id=\"4c4f8db0\" data-element_type=\"column\">\n\t\t\t<div class=\"elementor-widget-wrap elementor-element-populated\">\n\t\t\t\t\t\t<div class=\"elementor-element elementor-element-58d4bf3e elementor-widget elementor-widget-image\" data-id=\"58d4bf3e\" data-element_type=\"widget\" data-widget_type=\"image.default\">\n\t\t\t\t<div class=\"elementor-widget-container\">\n\t\t\t\t\t\t\t\t\t\t\t\t\t\t\t\t<a href=\"https:\/\/inebrija.ma\/lp\/\">\n\t\t\t\t\t\t\t<img fetchpriority=\"high\" decoding=\"async\" width=\"800\" height=\"180\" src=\"https:\/\/inebrija.ma\/lp\/wp-content\/uploads\/2025\/02\/logo-casablanca-2.png\" class=\"attachment-full size-full wp-image-14\" alt=\"\" srcset=\"https:\/\/inebrija.ma\/lp\/wp-content\/uploads\/2025\/02\/logo-casablanca-2.png 800w, https:\/\/inebrija.ma\/lp\/wp-content\/uploads\/2025\/02\/logo-casablanca-2-300x68.png 300w, https:\/\/inebrija.ma\/lp\/wp-content\/uploads\/2025\/02\/logo-casablanca-2-768x173.png 768w\" sizes=\"(max-width: 800px) 100vw, 800px\" \/>\t\t\t\t\t\t\t\t<\/a>\n\t\t\t\t\t\t\t\t\t\t\t\t\t\t\t<\/div>\n\t\t\t\t<\/div>\n\t\t\t\t\t<\/div>\n\t\t<\/div>\n\t\t\t\t<div class=\"elementor-column elementor-col-33 elementor-inner-column elementor-element elementor-element-71b6f74\" data-id=\"71b6f74\" data-element_type=\"column\">\n\t\t\t<div class=\"elementor-widget-wrap elementor-element-populated\">\n\t\t\t\t\t\t<div class=\"elementor-element elementor-element-7275ecfe elementor-align-center elementor-widget__width-auto elementor-widget elementor-widget-button\" data-id=\"7275ecfe\" data-element_type=\"widget\" data-settings=\"{&quot;_animation_mobile&quot;:&quot;fadeInLeft&quot;}\" data-widget_type=\"button.default\">\n\t\t\t\t<div class=\"elementor-widget-container\">\n\t\t\t\t\t\t\t\t\t<div class=\"elementor-button-wrapper\">\n\t\t\t\t\t<a class=\"elementor-button elementor-button-link elementor-size-sm\" href=\"https:\/\/inebrija.ma\/lp\/selectividad\/\">\n\t\t\t\t\t\t<span class=\"elementor-button-content-wrapper\">\n\t\t\t\t\t\t\t\t\t<span class=\"elementor-button-text\">Selectividad<\/span>\n\t\t\t\t\t<\/span>\n\t\t\t\t\t<\/a>\n\t\t\t\t<\/div>\n\t\t\t\t\t\t\t\t<\/div>\n\t\t\t\t<\/div>\n\t\t\t\t<div class=\"elementor-element elementor-element-5c30f129 elementor-align-center elementor-widget__width-auto elementor-widget elementor-widget-button\" data-id=\"5c30f129\" data-element_type=\"widget\" data-settings=\"{&quot;_animation_mobile&quot;:&quot;fadeInLeft&quot;}\" data-widget_type=\"button.default\">\n\t\t\t\t<div class=\"elementor-widget-container\">\n\t\t\t\t\t\t\t\t\t<div class=\"elementor-button-wrapper\">\n\t\t\t\t\t<a class=\"elementor-button elementor-button-link elementor-size-sm\" href=\"https:\/\/inebrija.ma\/lp\/selectividad\/\">\n\t\t\t\t\t\t<span class=\"elementor-button-content-wrapper\">\n\t\t\t\t\t\t\t\t\t<span class=\"elementor-button-text\">Cours d'espagnol<\/span>\n\t\t\t\t\t<\/span>\n\t\t\t\t\t<\/a>\n\t\t\t\t<\/div>\n\t\t\t\t\t\t\t\t<\/div>\n\t\t\t\t<\/div>\n\t\t\t\t<div class=\"elementor-element elementor-element-5fe889b4 elementor-align-center elementor-widget__width-auto elementor-widget elementor-widget-button\" data-id=\"5fe889b4\" data-element_type=\"widget\" data-settings=\"{&quot;_animation_mobile&quot;:&quot;fadeInLeft&quot;}\" data-widget_type=\"button.default\">\n\t\t\t\t<div class=\"elementor-widget-container\">\n\t\t\t\t\t\t\t\t\t<div class=\"elementor-button-wrapper\">\n\t\t\t\t\t<a class=\"elementor-button elementor-button-link elementor-size-sm\" href=\"https:\/\/inebrija.ma\/lp\/selectividad\/\">\n\t\t\t\t\t\t<span class=\"elementor-button-content-wrapper\">\n\t\t\t\t\t\t\t\t\t<span class=\"elementor-button-text\">Blog<\/span>\n\t\t\t\t\t<\/span>\n\t\t\t\t\t<\/a>\n\t\t\t\t<\/div>\n\t\t\t\t\t\t\t\t<\/div>\n\t\t\t\t<\/div>\n\t\t\t\t\t<\/div>\n\t\t<\/div>\n\t\t\t\t<div class=\"elementor-column elementor-col-33 elementor-inner-column elementor-element elementor-element-523245ec\" data-id=\"523245ec\" data-element_type=\"column\">\n\t\t\t<div class=\"elementor-widget-wrap elementor-element-populated\">\n\t\t\t\t\t\t<div class=\"elementor-element elementor-element-584562cc elementor-position-left elementor-mobile-position-left elementor-widget__width-auto elementor-view-default elementor-widget elementor-widget-icon-box\" data-id=\"584562cc\" data-element_type=\"widget\" data-widget_type=\"icon-box.default\">\n\t\t\t\t<div class=\"elementor-widget-container\">\n\t\t\t\t\t\t\t<div class=\"elementor-icon-box-wrapper\">\n\n\t\t\t\t\t\t<div class=\"elementor-icon-box-icon\">\n\t\t\t\t<span  class=\"elementor-icon\">\n\t\t\t\t<svg aria-hidden=\"true\" class=\"e-font-icon-svg e-fas-phone-alt\" viewBox=\"0 0 512 512\" xmlns=\"http:\/\/www.w3.org\/2000\/svg\"><path d=\"M497.39 361.8l-112-48a24 24 0 0 0-28 6.9l-49.6 60.6A370.66 370.66 0 0 1 130.6 204.11l60.6-49.6a23.94 23.94 0 0 0 6.9-28l-48-112A24.16 24.16 0 0 0 122.6.61l-104 24A24 24 0 0 0 0 48c0 256.5 207.9 464 464 464a24 24 0 0 0 23.4-18.6l24-104a24.29 24.29 0 0 0-14.01-27.6z\"><\/path><\/svg>\t\t\t\t<\/span>\n\t\t\t<\/div>\n\t\t\t\n\t\t\t\t\t\t<div class=\"elementor-icon-box-content\">\n\n\t\t\t\t\t\t\t\t\t<h3 class=\"elementor-icon-box-title\">\n\t\t\t\t\t\t<span  >\n\t\t\t\t\t\t\t0520-926863\t\t\t\t\t\t<\/span>\n\t\t\t\t\t<\/h3>\n\t\t\t\t\n\t\t\t\t\n\t\t\t<\/div>\n\t\t\t\n\t\t<\/div>\n\t\t\t\t\t\t<\/div>\n\t\t\t\t<\/div>\n\t\t\t\t\t<\/div>\n\t\t<\/div>\n\t\t\t\t\t<\/div>\n\t\t<\/section>\n\t\t\t\t\t<\/div>\n\t\t<\/div>\n\t\t\t\t\t<\/div>\n\t\t<\/section>\n\t\t\t\t<section class=\"elementor-section elementor-top-section elementor-element elementor-element-5bf68bc elementor-section-boxed elementor-section-height-default elementor-section-height-default\" data-id=\"5bf68bc\" data-element_type=\"section\">\n\t\t\t\t\t\t<div class=\"elementor-container elementor-column-gap-default\">\n\t\t\t\t\t<div class=\"elementor-column elementor-col-100 elementor-top-column elementor-element elementor-element-3595e4f\" data-id=\"3595e4f\" data-element_type=\"column\">\n\t\t\t<div class=\"elementor-widget-wrap elementor-element-populated\">\n\t\t\t\t\t\t<div class=\"elementor-element elementor-element-498e031 elementor-widget elementor-widget-spacer\" data-id=\"498e031\" data-element_type=\"widget\" data-widget_type=\"spacer.default\">\n\t\t\t\t<div class=\"elementor-widget-container\">\n\t\t\t\t\t\t\t<div class=\"elementor-spacer\">\n\t\t\t<div class=\"elementor-spacer-inner\"><\/div>\n\t\t<\/div>\n\t\t\t\t\t\t<\/div>\n\t\t\t\t<\/div>\n\t\t\t\t<div class=\"elementor-element elementor-element-5511299 elementor-widget__width-initial elementor-widget elementor-widget-heading\" data-id=\"5511299\" data-element_type=\"widget\" data-widget_type=\"heading.default\">\n\t\t\t\t<div class=\"elementor-widget-container\">\n\t\t\t\t\t<h2 class=\"elementor-heading-title elementor-size-default\">Bienvenue au seul institut Espagnol au Maroc g\u00e9r\u00e9 par une universit\u00e9 Espagnole<\/h2>\t\t\t\t<\/div>\n\t\t\t\t<\/div>\n\t\t\t\t\t<\/div>\n\t\t<\/div>\n\t\t\t\t\t<\/div>\n\t\t<\/section>\n\t\t\t\t<section class=\"elementor-section elementor-top-section elementor-element elementor-element-73b1b10 elementor-section-boxed elementor-section-height-default elementor-section-height-default\" data-id=\"73b1b10\" data-element_type=\"section\">\n\t\t\t\t\t\t<div class=\"elementor-container elementor-column-gap-default\">\n\t\t\t\t\t<div class=\"elementor-column elementor-col-50 elementor-top-column elementor-element elementor-element-31f5b08\" data-id=\"31f5b08\" data-element_type=\"column\">\n\t\t\t<div class=\"elementor-widget-wrap elementor-element-populated\">\n\t\t\t\t\t\t<div class=\"elementor-element elementor-element-c840391 elementor-position-top elementor-widget elementor-widget-image-box\" data-id=\"c840391\" data-element_type=\"widget\" data-widget_type=\"image-box.default\">\n\t\t\t\t<div class=\"elementor-widget-container\">\n\t\t\t\t\t<div class=\"elementor-image-box-wrapper\"><figure class=\"elementor-image-box-img\"><img decoding=\"async\" width=\"1080\" height=\"1080\" src=\"https:\/\/inebrija.ma\/lp\/wp-content\/uploads\/2025\/02\/Nebrija-Ads-2.png\" class=\"attachment-full size-full wp-image-19\" alt=\"\" srcset=\"https:\/\/inebrija.ma\/lp\/wp-content\/uploads\/2025\/02\/Nebrija-Ads-2.png 1080w, https:\/\/inebrija.ma\/lp\/wp-content\/uploads\/2025\/02\/Nebrija-Ads-2-300x300.png 300w, https:\/\/inebrija.ma\/lp\/wp-content\/uploads\/2025\/02\/Nebrija-Ads-2-1024x1024.png 1024w, https:\/\/inebrija.ma\/lp\/wp-content\/uploads\/2025\/02\/Nebrija-Ads-2-150x150.png 150w, https:\/\/inebrija.ma\/lp\/wp-content\/uploads\/2025\/02\/Nebrija-Ads-2-768x768.png 768w\" sizes=\"(max-width: 1080px) 100vw, 1080px\" \/><\/figure><div class=\"elementor-image-box-content\"><h3 class=\"elementor-image-box-title\">Programme SELECTIVIDAD<\/h3><p class=\"elementor-image-box-description\">Pr\u00e9pare-toi \u00e0 r\u00e9ussir la Selectividad et rejoindre les meilleures \u00e9coles publiques et priv\u00e9es d'Espagne<\/p><\/div><\/div>\t\t\t\t<\/div>\n\t\t\t\t<\/div>\n\t\t\t\t<div class=\"elementor-element elementor-element-01bd97f elementor-align-center elementor-widget elementor-widget-button\" data-id=\"01bd97f\" data-element_type=\"widget\" data-widget_type=\"button.default\">\n\t\t\t\t<div class=\"elementor-widget-container\">\n\t\t\t\t\t\t\t\t\t<div class=\"elementor-button-wrapper\">\n\t\t\t\t\t<a class=\"elementor-button elementor-button-link elementor-size-sm\" href=\"https:\/\/inebrija.ma\/lp\/selectividad\/\">\n\t\t\t\t\t\t<span class=\"elementor-button-content-wrapper\">\n\t\t\t\t\t\t\t\t\t<span class=\"elementor-button-text\">S'inscrire au programme<\/span>\n\t\t\t\t\t<\/span>\n\t\t\t\t\t<\/a>\n\t\t\t\t<\/div>\n\t\t\t\t\t\t\t\t<\/div>\n\t\t\t\t<\/div>\n\t\t\t\t\t<\/div>\n\t\t<\/div>\n\t\t\t\t<div class=\"elementor-column elementor-col-50 elementor-top-column elementor-element elementor-element-7398857\" data-id=\"7398857\" data-element_type=\"column\">\n\t\t\t<div class=\"elementor-widget-wrap elementor-element-populated\">\n\t\t\t\t\t\t<div class=\"elementor-element elementor-element-436ff46 elementor-position-top elementor-widget elementor-widget-image-box\" data-id=\"436ff46\" data-element_type=\"widget\" data-widget_type=\"image-box.default\">\n\t\t\t\t<div class=\"elementor-widget-container\">\n\t\t\t\t\t<div class=\"elementor-image-box-wrapper\"><figure class=\"elementor-image-box-img\"><img decoding=\"async\" width=\"810\" height=\"810\" src=\"https:\/\/inebrija.ma\/lp\/wp-content\/uploads\/2025\/02\/Nebrija-Ads-9.png\" class=\"attachment-full size-full wp-image-22\" alt=\"\" srcset=\"https:\/\/inebrija.ma\/lp\/wp-content\/uploads\/2025\/02\/Nebrija-Ads-9.png 810w, https:\/\/inebrija.ma\/lp\/wp-content\/uploads\/2025\/02\/Nebrija-Ads-9-300x300.png 300w, https:\/\/inebrija.ma\/lp\/wp-content\/uploads\/2025\/02\/Nebrija-Ads-9-150x150.png 150w, https:\/\/inebrija.ma\/lp\/wp-content\/uploads\/2025\/02\/Nebrija-Ads-9-768x768.png 768w\" sizes=\"(max-width: 810px) 100vw, 810px\" \/><\/figure><div class=\"elementor-image-box-content\"><h3 class=\"elementor-image-box-title\">Cours d'Espagnol<\/h3><p class=\"elementor-image-box-description\">Ma\u00eetrise la langue Espagnole avec nos cours certifiants et adapt\u00e9s \u00e0 tous les niveaux<\/p><\/div><\/div>\t\t\t\t<\/div>\n\t\t\t\t<\/div>\n\t\t\t\t<div class=\"elementor-element elementor-element-2d78583 elementor-align-center elementor-widget elementor-widget-button\" data-id=\"2d78583\" data-element_type=\"widget\" data-widget_type=\"button.default\">\n\t\t\t\t<div class=\"elementor-widget-container\">\n\t\t\t\t\t\t\t\t\t<div class=\"elementor-button-wrapper\">\n\t\t\t\t\t<a class=\"elementor-button elementor-button-link elementor-size-sm\" href=\"https:\/\/inebrija.ma\/lp\/cours-despagnol\/\">\n\t\t\t\t\t\t<span class=\"elementor-button-content-wrapper\">\n\t\t\t\t\t\t\t\t\t<span class=\"elementor-button-text\">Rejoindre les cours<\/span>\n\t\t\t\t\t<\/span>\n\t\t\t\t\t<\/a>\n\t\t\t\t<\/div>\n\t\t\t\t\t\t\t\t<\/div>\n\t\t\t\t<\/div>\n\t\t\t\t\t<\/div>\n\t\t<\/div>\n\t\t\t\t\t<\/div>\n\t\t<\/section>\n\t\t\t\t<\/div>\n\t\t","protected":false},"excerpt":{"rendered":"<p>Selectividad Cours d&rsquo;espagnol Blog 0520-926863 Bienvenue au seul institut Espagnol au Maroc g\u00e9r\u00e9 par une universit\u00e9 Espagnole Programme SELECTIVIDAD Pr\u00e9pare-toi \u00e0 r\u00e9ussir la Selectividad et rejoindre les meilleures \u00e9coles publiques et priv\u00e9es d&rsquo;Espagne S&rsquo;inscrire au programme Cours d&rsquo;Espagnol Ma\u00eetrise la langue Espagnole avec nos cours certifiants et adapt\u00e9s \u00e0 tous les niveaux Rejoindre les cours<\/p>\n","protected":false},"author":2,"featured_media":0,"parent":0,"menu_order":0,"comment_status":"closed","ping_status":"closed","template":"","meta":{"footnotes":""},"class_list":["post-48","page","type-page","status-publish","hentry"],"yoast_head":"<!-- This site is optimized with the Yoast SEO plugin v26.5 - https:\/\/yoast.com\/wordpress\/plugins\/seo\/ -->\n<title>Home - Instituto Nebrija de Casablanca<\/title>\n<meta name=\"robots\" content=\"index, follow, max-snippet:-1, max-image-preview:large, max-video-preview:-1\" \/>\n<link rel=\"canonical\" href=\"https:\/\/inebrija.ma\/lp\/\" \/>\n<meta property=\"og:locale\" content=\"fr_FR\" \/>\n<meta property=\"og:type\" content=\"article\" \/>\n<meta property=\"og:title\" content=\"Home - Instituto Nebrija de Casablanca\" \/>\n<meta property=\"og:description\" content=\"Selectividad Cours d&rsquo;espagnol Blog 0520-926863 Bienvenue au seul institut Espagnol au Maroc g\u00e9r\u00e9 par une universit\u00e9 Espagnole Programme SELECTIVIDAD Pr\u00e9pare-toi \u00e0 r\u00e9ussir la Selectividad et rejoindre les meilleures \u00e9coles publiques et priv\u00e9es d&rsquo;Espagne S&rsquo;inscrire au programme Cours d&rsquo;Espagnol Ma\u00eetrise la langue Espagnole avec nos cours certifiants et adapt\u00e9s \u00e0 tous les niveaux Rejoindre les cours\" \/>\n<meta property=\"og:url\" content=\"https:\/\/inebrija.ma\/lp\/\" \/>\n<meta property=\"og:site_name\" content=\"Instituto Nebrija de Casablanca\" \/>\n<meta property=\"article:publisher\" content=\"https:\/\/www.facebook.com\/profile.php?id=61572956247097\" \/>\n<meta property=\"article:modified_time\" content=\"2025-08-26T11:07:50+00:00\" \/>\n<meta property=\"og:image\" content=\"https:\/\/inebrija.ma\/lp\/wp-content\/uploads\/2025\/02\/logo-casablanca-2.png\" \/>\n\t<meta property=\"og:image:width\" content=\"800\" \/>\n\t<meta property=\"og:image:height\" content=\"180\" \/>\n\t<meta property=\"og:image:type\" content=\"image\/png\" \/>\n<meta name=\"twitter:card\" content=\"summary_large_image\" \/>\n<meta name=\"twitter:label1\" content=\"Dur\u00e9e de lecture estim\u00e9e\" \/>\n\t<meta name=\"twitter:data1\" content=\"1 minute\" \/>\n<script type=\"application\/ld+json\" class=\"yoast-schema-graph\">{\"@context\":\"https:\/\/schema.org\",\"@graph\":[{\"@type\":\"WebPage\",\"@id\":\"https:\/\/inebrija.ma\/lp\/\",\"url\":\"https:\/\/inebrija.ma\/lp\/\",\"name\":\"Home - Instituto Nebrija de Casablanca\",\"isPartOf\":{\"@id\":\"https:\/\/inebrija.ma\/lp\/#website\"},\"primaryImageOfPage\":{\"@id\":\"https:\/\/inebrija.ma\/lp\/#primaryimage\"},\"image\":{\"@id\":\"https:\/\/inebrija.ma\/lp\/#primaryimage\"},\"thumbnailUrl\":\"https:\/\/inebrija.ma\/lp\/wp-content\/uploads\/2025\/02\/logo-casablanca-2.png\",\"datePublished\":\"2025-02-25T09:48:08+00:00\",\"dateModified\":\"2025-08-26T11:07:50+00:00\",\"breadcrumb\":{\"@id\":\"https:\/\/inebrija.ma\/lp\/#breadcrumb\"},\"inLanguage\":\"fr-FR\",\"potentialAction\":[{\"@type\":\"ReadAction\",\"target\":[\"https:\/\/inebrija.ma\/lp\/\"]}]},{\"@type\":\"ImageObject\",\"inLanguage\":\"fr-FR\",\"@id\":\"https:\/\/inebrija.ma\/lp\/#primaryimage\",\"url\":\"https:\/\/inebrija.ma\/lp\/wp-content\/uploads\/2025\/02\/logo-casablanca-2.png\",\"contentUrl\":\"https:\/\/inebrija.ma\/lp\/wp-content\/uploads\/2025\/02\/logo-casablanca-2.png\",\"width\":800,\"height\":180},{\"@type\":\"BreadcrumbList\",\"@id\":\"https:\/\/inebrija.ma\/lp\/#breadcrumb\",\"itemListElement\":[{\"@type\":\"ListItem\",\"position\":1,\"name\":\"Accueil\",\"item\":\"https:\/\/inebrija.ma\/lp\/\"},{\"@type\":\"ListItem\",\"position\":2,\"name\":\"Home\"}]},{\"@type\":\"WebSite\",\"@id\":\"https:\/\/inebrija.ma\/lp\/#website\",\"url\":\"https:\/\/inebrija.ma\/lp\/\",\"name\":\"Nebrija Casablanca\",\"description\":\"Selectividad et cours d&#039;Espagnol\",\"publisher\":{\"@id\":\"https:\/\/inebrija.ma\/lp\/#organization\"},\"potentialAction\":[{\"@type\":\"SearchAction\",\"target\":{\"@type\":\"EntryPoint\",\"urlTemplate\":\"https:\/\/inebrija.ma\/lp\/?s={search_term_string}\"},\"query-input\":{\"@type\":\"PropertyValueSpecification\",\"valueRequired\":true,\"valueName\":\"search_term_string\"}}],\"inLanguage\":\"fr-FR\"},{\"@type\":\"Organization\",\"@id\":\"https:\/\/inebrija.ma\/lp\/#organization\",\"name\":\"El Instituto Nebrija de Casablanca\",\"url\":\"https:\/\/inebrija.ma\/lp\/\",\"logo\":{\"@type\":\"ImageObject\",\"inLanguage\":\"fr-FR\",\"@id\":\"https:\/\/inebrija.ma\/lp\/#\/schema\/logo\/image\/\",\"url\":\"https:\/\/inebrija.ma\/lp\/wp-content\/uploads\/2025\/02\/nebrija-white.png\",\"contentUrl\":\"https:\/\/inebrija.ma\/lp\/wp-content\/uploads\/2025\/02\/nebrija-white.png\",\"width\":812,\"height\":191,\"caption\":\"El Instituto Nebrija de Casablanca\"},\"image\":{\"@id\":\"https:\/\/inebrija.ma\/lp\/#\/schema\/logo\/image\/\"},\"sameAs\":[\"https:\/\/www.facebook.com\/profile.php?id=61572956247097\",\"https:\/\/www.instagram.com\/nebrija_casablanca\/\"]}]}<\/script>\n<!-- \/ Yoast SEO plugin. -->","yoast_head_json":{"title":"Home - Instituto Nebrija de Casablanca","robots":{"index":"index","follow":"follow","max-snippet":"max-snippet:-1","max-image-preview":"max-image-preview:large","max-video-preview":"max-video-preview:-1"},"canonical":"https:\/\/inebrija.ma\/lp\/","og_locale":"fr_FR","og_type":"article","og_title":"Home - Instituto Nebrija de Casablanca","og_description":"Selectividad Cours d&rsquo;espagnol Blog 0520-926863 Bienvenue au seul institut Espagnol au Maroc g\u00e9r\u00e9 par une universit\u00e9 Espagnole Programme SELECTIVIDAD Pr\u00e9pare-toi \u00e0 r\u00e9ussir la Selectividad et rejoindre les meilleures \u00e9coles publiques et priv\u00e9es d&rsquo;Espagne S&rsquo;inscrire au programme Cours d&rsquo;Espagnol Ma\u00eetrise la langue Espagnole avec nos cours certifiants et adapt\u00e9s \u00e0 tous les niveaux Rejoindre les cours","og_url":"https:\/\/inebrija.ma\/lp\/","og_site_name":"Instituto Nebrija de Casablanca","article_publisher":"https:\/\/www.facebook.com\/profile.php?id=61572956247097","article_modified_time":"2025-08-26T11:07:50+00:00","og_image":[{"width":800,"height":180,"url":"https:\/\/inebrija.ma\/lp\/wp-content\/uploads\/2025\/02\/logo-casablanca-2.png","type":"image\/png"}],"twitter_card":"summary_large_image","twitter_misc":{"Dur\u00e9e de lecture estim\u00e9e":"1 minute"},"schema":{"@context":"https:\/\/schema.org","@graph":[{"@type":"WebPage","@id":"https:\/\/inebrija.ma\/lp\/","url":"https:\/\/inebrija.ma\/lp\/","name":"Home - Instituto Nebrija de Casablanca","isPartOf":{"@id":"https:\/\/inebrija.ma\/lp\/#website"},"primaryImageOfPage":{"@id":"https:\/\/inebrija.ma\/lp\/#primaryimage"},"image":{"@id":"https:\/\/inebrija.ma\/lp\/#primaryimage"},"thumbnailUrl":"https:\/\/inebrija.ma\/lp\/wp-content\/uploads\/2025\/02\/logo-casablanca-2.png","datePublished":"2025-02-25T09:48:08+00:00","dateModified":"2025-08-26T11:07:50+00:00","breadcrumb":{"@id":"https:\/\/inebrija.ma\/lp\/#breadcrumb"},"inLanguage":"fr-FR","potentialAction":[{"@type":"ReadAction","target":["https:\/\/inebrija.ma\/lp\/"]}]},{"@type":"ImageObject","inLanguage":"fr-FR","@id":"https:\/\/inebrija.ma\/lp\/#primaryimage","url":"https:\/\/inebrija.ma\/lp\/wp-content\/uploads\/2025\/02\/logo-casablanca-2.png","contentUrl":"https:\/\/inebrija.ma\/lp\/wp-content\/uploads\/2025\/02\/logo-casablanca-2.png","width":800,"height":180},{"@type":"BreadcrumbList","@id":"https:\/\/inebrija.ma\/lp\/#breadcrumb","itemListElement":[{"@type":"ListItem","position":1,"name":"Accueil","item":"https:\/\/inebrija.ma\/lp\/"},{"@type":"ListItem","position":2,"name":"Home"}]},{"@type":"WebSite","@id":"https:\/\/inebrija.ma\/lp\/#website","url":"https:\/\/inebrija.ma\/lp\/","name":"Nebrija Casablanca","description":"Selectividad et cours d&#039;Espagnol","publisher":{"@id":"https:\/\/inebrija.ma\/lp\/#organization"},"potentialAction":[{"@type":"SearchAction","target":{"@type":"EntryPoint","urlTemplate":"https:\/\/inebrija.ma\/lp\/?s={search_term_string}"},"query-input":{"@type":"PropertyValueSpecification","valueRequired":true,"valueName":"search_term_string"}}],"inLanguage":"fr-FR"},{"@type":"Organization","@id":"https:\/\/inebrija.ma\/lp\/#organization","name":"El Instituto Nebrija de Casablanca","url":"https:\/\/inebrija.ma\/lp\/","logo":{"@type":"ImageObject","inLanguage":"fr-FR","@id":"https:\/\/inebrija.ma\/lp\/#\/schema\/logo\/image\/","url":"https:\/\/inebrija.ma\/lp\/wp-content\/uploads\/2025\/02\/nebrija-white.png","contentUrl":"https:\/\/inebrija.ma\/lp\/wp-content\/uploads\/2025\/02\/nebrija-white.png","width":812,"height":191,"caption":"El Instituto Nebrija de Casablanca"},"image":{"@id":"https:\/\/inebrija.ma\/lp\/#\/schema\/logo\/image\/"},"sameAs":["https:\/\/www.facebook.com\/profile.php?id=61572956247097","https:\/\/www.instagram.com\/nebrija_casablanca\/"]}]}},"_links":{"self":[{"href":"https:\/\/inebrija.ma\/lp\/wp-json\/wp\/v2\/pages\/48","targetHints":{"allow":["GET"]}}],"collection":[{"href":"https:\/\/inebrija.ma\/lp\/wp-json\/wp\/v2\/pages"}],"about":[{"href":"https:\/\/inebrija.ma\/lp\/wp-json\/wp\/v2\/types\/page"}],"author":[{"embeddable":true,"href":"https:\/\/inebrija.ma\/lp\/wp-json\/wp\/v2\/users\/2"}],"replies":[{"embeddable":true,"href":"https:\/\/inebrija.ma\/lp\/wp-json\/wp\/v2\/comments?post=48"}],"version-history":[{"count":31,"href":"https:\/\/inebrija.ma\/lp\/wp-json\/wp\/v2\/pages\/48\/revisions"}],"predecessor-version":[{"id":539,"href":"https:\/\/inebrija.ma\/lp\/wp-json\/wp\/v2\/pages\/48\/revisions\/539"}],"wp:attachment":[{"href":"https:\/\/inebrija.ma\/lp\/wp-json\/wp\/v2\/media?parent=48"}],"curies":[{"name":"wp","href":"https:\/\/api.w.org\/{rel}","templated":true}]}}